{"id":89,"date":"2016-02-16T11:50:48","date_gmt":"2016-02-16T10:50:48","guid":{"rendered":"http:\/\/localhost:82\/wordpress\/?page_id=89"},"modified":"2016-03-18T12:49:38","modified_gmt":"2016-03-18T11:49:38","slug":"chartes-de-la-laicite","status":"publish","type":"page","link":"https:\/\/lyceedalembert.paris\/index.php\/chartes-de-la-laicite\/","title":{"rendered":"Charte de la la\u00efcit\u00e9"},"content":{"rendered":"<p><img loading=\"lazy\" decoding=\"async\" class=\"alignnone size-full wp-image-1374\" src=\"http:\/\/localhost:81\/Lyceedalembert\/wp-content\/uploads\/2016\/02\/chartelaicite_268127.jpg\" alt=\"chartelaicite_268127\" width=\"720\" height=\"1086\" srcset=\"https:\/\/lyceedalembert.paris\/wp-content\/uploads\/2016\/02\/chartelaicite_268127.jpg 720w, https:\/\/lyceedalembert.paris\/wp-content\/uploads\/2016\/02\/chartelaicite_268127-199x300.jpg 199w, https:\/\/lyceedalembert.paris\/wp-content\/uploads\/2016\/02\/chartelaicite_268127-679x1024.jpg 679w\" sizes=\"auto, (max-width: 720px) 100vw, 720px\" \/><\/p>\n<p>Le principe de la\u00efcit\u00e9 est au fondement du syst\u00e8me \u00e9ducatif fran\u00e7ais depuis la fin du XIXe si\u00e8cle. L&rsquo;importance de la la\u00efcit\u00e9 dans les valeurs scolaires r\u00e9publicaines a \u00e9t\u00e9 accentu\u00e9e par la loi du 9 d\u00e9cembre 1905 instaurant la la\u00efcit\u00e9 de l&rsquo;\u00c9tat.<\/p>\n<p>La Charte de la la\u00efcit\u00e9 \u00e0 l&rsquo;\u00c9cole rappelle les r\u00e8gles qui permettent de vivre ensemble dans l\u2019espace scolaire et d\u2019aider chacun \u00e0 comprendre le sens de ces r\u00e8gles, \u00e0 se les approprier et \u00e0 les respecter. Elle est affich\u00e9e dans les \u00e9coles et \u00e9tablissements d&rsquo;enseignement du second degr\u00e9 publics.<\/p>\n","protected":false},"excerpt":{"rendered":"<p>Le principe de la\u00efcit\u00e9 est au fondement du syst\u00e8me \u00e9ducatif fran\u00e7ais depuis la fin du XIXe si\u00e8cle. L&rsquo;importance de la la\u00efcit\u00e9 dans les valeurs scolaires r\u00e9publicaines a \u00e9t\u00e9 accentu\u00e9e par la loi du 9 d\u00e9cembre 1905 instaurant la la\u00efcit\u00e9 de l&rsquo;\u00c9tat. La Charte de la la\u00efcit\u00e9 \u00e0 l&rsquo;\u00c9cole rappelle les r\u00e8gles qui permettent de vivre ensemble dans l\u2019espace scolaire et d\u2019aider chacun \u00e0 comprendre le sens de ces r\u00e8gles, \u00e0 se les approprier et \u00e0 les respecter. Elle est affich\u00e9e&hellip;<\/p>\n","protected":false},"author":1,"featured_media":0,"parent":0,"menu_order":0,"comment_status":"closed","ping_status":"closed","template":"","meta":{"footnotes":""},"class_list":["post-89","page","type-page","status-publish","hentry"],"_links":{"self":[{"href":"https:\/\/lyceedalembert.paris\/index.php\/wp-json\/wp\/v2\/pages\/89","targetHints":{"allow":["GET"]}}],"collection":[{"href":"https:\/\/lyceedalembert.paris\/index.php\/wp-json\/wp\/v2\/pages"}],"about":[{"href":"https:\/\/lyceedalembert.paris\/index.php\/wp-json\/wp\/v2\/types\/page"}],"author":[{"embeddable":true,"href":"https:\/\/lyceedalembert.paris\/index.php\/wp-json\/wp\/v2\/users\/1"}],"replies":[{"embeddable":true,"href":"https:\/\/lyceedalembert.paris\/index.php\/wp-json\/wp\/v2\/comments?post=89"}],"version-history":[{"count":4,"href":"https:\/\/lyceedalembert.paris\/index.php\/wp-json\/wp\/v2\/pages\/89\/revisions"}],"predecessor-version":[{"id":1376,"href":"https:\/\/lyceedalembert.paris\/index.php\/wp-json\/wp\/v2\/pages\/89\/revisions\/1376"}],"wp:attachment":[{"href":"https:\/\/lyceedalembert.paris\/index.php\/wp-json\/wp\/v2\/media?parent=89"}],"curies":[{"name":"wp","href":"https:\/\/api.w.org\/{rel}","templated":true}]}}