{"id":9,"date":"2025-12-22T11:08:17","date_gmt":"2025-12-22T10:08:17","guid":{"rendered":"http:\/\/localhost:82\/wordpress\/?page_id=9"},"modified":"2025-12-22T11:09:25","modified_gmt":"2025-12-22T10:09:25","slug":"organigramme","status":"publish","type":"page","link":"https:\/\/lyceedalembert.paris\/index.php\/organigramme\/","title":{"rendered":"Organigramme"},"content":{"rendered":"\n<div class=\"wp-block-group\"><div class=\"wp-block-group__inner-container is-layout-constrained wp-block-group-is-layout-constrained\"><div class=\"has-text-align-right wp-block-post-date__modified-date wp-block-post-date\"><time datetime=\"2025-12-22T11:09:25+01:00\">22 d\u00e9cembre 2025<\/time><\/div><\/div><\/div>\n\n\n\n<h2 class=\"wp-block-heading\"><span style=\"color: #ff6600;\">Personnels du Lyc\u00e9e d&rsquo;Alembert<br><\/span><\/h2>\n\n\n\n<h4 class=\"wp-block-heading\"><span style=\"color: #ff6600;\"><strong>Ann\u00e9e scolaire 2025-2026<\/strong><\/span><\/h4>\n\n\n\n<p><span style=\"color: #ff6600;\">PROVISEUR<\/span><br><strong>M. Rapha\u00ebl DOSSOU<\/strong> (<span class=\"contentLine-276\">Raphael.Dossou@ac-paris.fr)<\/span><\/p>\n\n\n\n<p><span style=\"color: #ff6600;\">PROVISEURE ADJOINTE<\/span><br><strong>Mme Magali DEHLOM <\/strong>(Magali.Delhom@ac-paris.fr)<strong><br><\/strong><span style=\"color: #ff6600;\">SECRETAIRE GENERALE<\/span><br><strong>Mme Madlen BRAOUEZEC <\/strong>(Madlen.Braouezec@ac-paris.fr)<strong><br><\/strong><span style=\"color: #ff6600;\">SECRETARIAT DIRECTION <span style=\"color: #000000;\">(ce.0750650z@ac-paris.fr )<\/span><\/span><br><strong>Mme Marie-George LEVI et Mme Val\u00e9rie MOREL<\/strong><\/p>\n\n\n\n<p><span style=\"color: #ff6600;\">SECRETARIAT INTENDANCE<\/span><br><strong>Mme SOMAH Fanta, <\/strong>administratif intendance<strong><br><\/strong><span style=\"color: #ff6600;\">DIRECTRICE DELEGUEE AUX FORMATIONS PROFESSIONNELLES ET TECHNOLOGIQUES (DDFPT) <\/span><br><strong>Mme Corinne CHARRIAL (Corinne.Charrial@ac-paris.fr) <\/strong><br><strong><br><\/strong><span style=\"color: #ff6600;\">CONSEILLERS PRINCIPAUX D\u2019EDUCATION<\/span><br><strong>M. R\u00e9my DAUVILLIER, M. Jean Marc Balmy<\/strong><\/p>\n\n\n\n<p><span style=\"color: #ff6600;\">SERVICE MEDICAL<\/span><\/p>\n\n\n\n<p><strong>Dr BELENFANT, <\/strong>m\u00e9decin scolaire<strong> <\/strong><\/p>\n\n\n\n<p><strong>et Mme Bolmin, <\/strong>infirmi\u00e8re <a href=\"https:\/\/lyceedalembert.paris\/index.php\/infirmerie\/\">Voir Informations concernant&nbsp; l&rsquo;infirmerie<\/a><\/p>\n\n\n\n<p><span style=\"color: #ff6600;\">ASSISTANTES SOCIALES<\/span><\/p>\n\n\n\n<p><strong>Mme Fatma-Zohra Ali-Rachedi<\/strong><\/p>\n\n\n\n<p><span style=\"color: #ff6600;\">CENTRE DE DOCUMENTATION ET D&rsquo;INFORMATION (CDI)<\/span><\/p>\n\n\n\n<p><strong>Mme C\u00e9line LARUE-FERON <\/strong>, professeur-documentaliste<\/p>\n\n\n\n<p><span style=\"color: #ff6600;\">CONSEILLERE D&rsquo;ORIENTATION-PSYCHOLOGUE<\/span><\/p>\n\n\n\n<p><strong>M.<\/strong> <strong>Florian Boiroux, <\/strong>PSY-EN<strong><br><\/strong><\/p>\n","protected":false},"excerpt":{"rendered":"<p>Personnels du Lyc\u00e9e d&rsquo;Alembert Ann\u00e9e scolaire 2025-2026 PROVISEURM. Rapha\u00ebl DOSSOU (Raphael.Dossou@ac-paris.fr) PROVISEURE ADJOINTEMme Magali DEHLOM (Magali.Delhom@ac-paris.fr)SECRETAIRE GENERALEMme Madlen BRAOUEZEC (Madlen.Braouezec@ac-paris.fr)SECRETARIAT DIRECTION (ce.0750650z@ac-paris.fr )Mme Marie-George LEVI et Mme Val\u00e9rie MOREL SECRETARIAT INTENDANCEMme SOMAH Fanta, administratif intendanceDIRECTRICE DELEGUEE AUX FORMATIONS PROFESSIONNELLES ET TECHNOLOGIQUES (DDFPT) Mme Corinne CHARRIAL (Corinne.Charrial@ac-paris.fr) CONSEILLERS PRINCIPAUX D\u2019EDUCATIONM. R\u00e9my DAUVILLIER, M. Jean Marc Balmy SERVICE MEDICAL Dr BELENFANT, m\u00e9decin scolaire et Mme Bolmin, infirmi\u00e8re Voir Informations concernant&nbsp; l&rsquo;infirmerie ASSISTANTES SOCIALES Mme Fatma-Zohra Ali-Rachedi CENTRE DE DOCUMENTATION ET D&rsquo;INFORMATION (CDI)&hellip;<\/p>\n","protected":false},"author":1,"featured_media":0,"parent":0,"menu_order":0,"comment_status":"closed","ping_status":"closed","template":"","meta":{"footnotes":""},"class_list":["post-9","page","type-page","status-publish","hentry"],"_links":{"self":[{"href":"https:\/\/lyceedalembert.paris\/index.php\/wp-json\/wp\/v2\/pages\/9","targetHints":{"allow":["GET"]}}],"collection":[{"href":"https:\/\/lyceedalembert.paris\/index.php\/wp-json\/wp\/v2\/pages"}],"about":[{"href":"https:\/\/lyceedalembert.paris\/index.php\/wp-json\/wp\/v2\/types\/page"}],"author":[{"embeddable":true,"href":"https:\/\/lyceedalembert.paris\/index.php\/wp-json\/wp\/v2\/users\/1"}],"replies":[{"embeddable":true,"href":"https:\/\/lyceedalembert.paris\/index.php\/wp-json\/wp\/v2\/comments?post=9"}],"version-history":[{"count":55,"href":"https:\/\/lyceedalembert.paris\/index.php\/wp-json\/wp\/v2\/pages\/9\/revisions"}],"predecessor-version":[{"id":9306,"href":"https:\/\/lyceedalembert.paris\/index.php\/wp-json\/wp\/v2\/pages\/9\/revisions\/9306"}],"wp:attachment":[{"href":"https:\/\/lyceedalembert.paris\/index.php\/wp-json\/wp\/v2\/media?parent=9"}],"curies":[{"name":"wp","href":"https:\/\/api.w.org\/{rel}","templated":true}]}}