{"id":91,"date":"2016-02-16T11:51:27","date_gmt":"2016-02-16T10:51:27","guid":{"rendered":"http:\/\/localhost:82\/wordpress\/?page_id=91"},"modified":"2023-06-19T08:22:05","modified_gmt":"2023-06-19T07:22:05","slug":"reglement-interieur","status":"publish","type":"page","link":"https:\/\/lyceedalembert.paris\/index.php\/reglement-interieur\/","title":{"rendered":"R\u00e8glement int\u00e9rieur"},"content":{"rendered":"<div id=\"google_translate_element\">\u00a0<\/div>\n<h1 style=\"text-align: center;\"><a href=\"https:\/\/lyceedalembert.paris\/wp-content\/uploads\/2019\/10\/R\u00e8glement-Int\u00e9rieur-vot\u00e9-2019-2020.pdf\" target=\"_blank\" rel=\"noopener noreferrer\">R\u00e8glement int\u00e9rieur lyc\u00e9e polyvalent d&rsquo;Alembert<\/a><\/h1>\n<h3 style=\"text-align: center;\">approuv\u00e9 et vot\u00e9 au Conseil d&rsquo;Administration pour l&rsquo;ann\u00e9e 2023 \/ 2024<\/h3>\n<p style=\"text-align: center;\">\u00a0<\/p>\n<p class=\"western\" align=\"center\"><a href=\"https:\/\/lyceedalembert.paris\/wp-content\/uploads\/2023\/06\/Reglement-Interieur_2023.pdf\" target=\"_blank\" rel=\"noopener\">T\u00e9l\u00e9charger le r\u00e9glement Int\u00e9rieur pour l&rsquo;ann\u00e9e scolaire 2023\/2024<\/a><\/p>\n\n<a href=\"https:\/\/lyceedalembert.paris\/wp-content\/uploads\/2023\/06\/Reglement-Interieur_2023.pdf\" class=\"pdfemb-viewer\" style=\"\" data-width=\"max\" data-height=\"max\" data-toolbar=\"bottom\" data-toolbar-fixed=\"off\">Reglement-Interieur_2023<\/a>\n<p class=\"wp-block-pdfemb-pdf-embedder-viewer\"><\/p>\n","protected":false},"excerpt":{"rendered":"<p>\u00a0 R\u00e8glement int\u00e9rieur lyc\u00e9e polyvalent d&rsquo;Alembert approuv\u00e9 et vot\u00e9 au Conseil d&rsquo;Administration pour l&rsquo;ann\u00e9e 2023 \/ 2024 \u00a0 T\u00e9l\u00e9charger le r\u00e9glement Int\u00e9rieur pour l&rsquo;ann\u00e9e scolaire 2023\/2024<\/p>\n","protected":false},"author":1,"featured_media":0,"parent":0,"menu_order":0,"comment_status":"closed","ping_status":"closed","template":"","meta":{"footnotes":""},"class_list":["post-91","page","type-page","status-publish","hentry"],"_links":{"self":[{"href":"https:\/\/lyceedalembert.paris\/index.php\/wp-json\/wp\/v2\/pages\/91","targetHints":{"allow":["GET"]}}],"collection":[{"href":"https:\/\/lyceedalembert.paris\/index.php\/wp-json\/wp\/v2\/pages"}],"about":[{"href":"https:\/\/lyceedalembert.paris\/index.php\/wp-json\/wp\/v2\/types\/page"}],"author":[{"embeddable":true,"href":"https:\/\/lyceedalembert.paris\/index.php\/wp-json\/wp\/v2\/users\/1"}],"replies":[{"embeddable":true,"href":"https:\/\/lyceedalembert.paris\/index.php\/wp-json\/wp\/v2\/comments?post=91"}],"version-history":[{"count":9,"href":"https:\/\/lyceedalembert.paris\/index.php\/wp-json\/wp\/v2\/pages\/91\/revisions"}],"predecessor-version":[{"id":7888,"href":"https:\/\/lyceedalembert.paris\/index.php\/wp-json\/wp\/v2\/pages\/91\/revisions\/7888"}],"wp:attachment":[{"href":"https:\/\/lyceedalembert.paris\/index.php\/wp-json\/wp\/v2\/media?parent=91"}],"curies":[{"name":"wp","href":"https:\/\/api.w.org\/{rel}","templated":true}]}}