{"id":9217,"date":"2026-02-16T19:49:10","date_gmt":"2026-02-16T18:49:10","guid":{"rendered":"https:\/\/lyceedalembert.paris\/?page_id=9217"},"modified":"2026-02-16T19:51:05","modified_gmt":"2026-02-16T18:51:05","slug":"auxiliaire-de-puericulture-janvier-2026-apprentissage","status":"publish","type":"page","link":"https:\/\/lyceedalembert.paris\/index.php\/auxiliaire-de-puericulture-janvier-2026-apprentissage\/","title":{"rendered":"Auxiliaire de pu\u00e9riculture septembre 2026 (apprentissage)"},"content":{"rendered":"\n<h2 class=\"wp-block-heading has-vivid-red-color has-text-color has-link-color wp-elements-ee357905c1d3a8db7fc995ac24bbf42e\"><strong>Vous souhaitez pr\u00e9parer votre DEAP en Apprentissage pour la rentr\u00e9e de septembre 2026 \u00e0 l\u2019IFAP d\u2019Alembert avec la Ville de Paris ?<\/strong><\/h2>\n\n\n\n<p class=\"has-text-align-left\"><strong>Ne tardez plus et candidatez tout de suite \u00e0 la Ville de Paris pour vous assurer un contrat d\u00e8s janvier 2026&nbsp;:<\/strong> <\/p>\n\n\n\n<p class=\"has-text-align-center\"><a href=\"https:\/\/bit.ly\/4mO9bBM\" target=\"_blank\" rel=\"noreferrer noopener\">Plateforme d\u00e9di\u00e9e de la ville de paris<\/a><\/p>\n\n\n\n<figure class=\"wp-block-gallery has-nested-images columns-default is-cropped wp-block-gallery-1 is-layout-flex wp-block-gallery-is-layout-flex\">\n<figure class=\"wp-block-image size-large\"><img loading=\"lazy\" decoding=\"async\" width=\"1024\" height=\"683\" data-id=\"8431\" src=\"https:\/\/lyceedalembert.paris\/wp-content\/uploads\/2024\/03\/gestion-administration-01-1024x683.jpg\" alt=\"\" class=\"wp-image-8431\" srcset=\"https:\/\/lyceedalembert.paris\/wp-content\/uploads\/2024\/03\/gestion-administration-01-1024x683.jpg 1024w, https:\/\/lyceedalembert.paris\/wp-content\/uploads\/2024\/03\/gestion-administration-01-300x200.jpg 300w, https:\/\/lyceedalembert.paris\/wp-content\/uploads\/2024\/03\/gestion-administration-01-768x512.jpg 768w, https:\/\/lyceedalembert.paris\/wp-content\/uploads\/2024\/03\/gestion-administration-01-1536x1024.jpg 1536w, https:\/\/lyceedalembert.paris\/wp-content\/uploads\/2024\/03\/gestion-administration-01-2048x1365.jpg 2048w\" sizes=\"auto, (max-width: 1024px) 100vw, 1024px\" \/><\/figure>\n\n\n\n<figure class=\"wp-block-image size-large\"><img loading=\"lazy\" decoding=\"async\" width=\"1024\" height=\"683\" data-id=\"8433\" src=\"https:\/\/lyceedalembert.paris\/wp-content\/uploads\/2024\/03\/petite-enfance-30-1024x683.jpg\" alt=\"\" class=\"wp-image-8433\" srcset=\"https:\/\/lyceedalembert.paris\/wp-content\/uploads\/2024\/03\/petite-enfance-30-1024x683.jpg 1024w, https:\/\/lyceedalembert.paris\/wp-content\/uploads\/2024\/03\/petite-enfance-30-300x200.jpg 300w, https:\/\/lyceedalembert.paris\/wp-content\/uploads\/2024\/03\/petite-enfance-30-768x512.jpg 768w, https:\/\/lyceedalembert.paris\/wp-content\/uploads\/2024\/03\/petite-enfance-30-1536x1024.jpg 1536w, https:\/\/lyceedalembert.paris\/wp-content\/uploads\/2024\/03\/petite-enfance-30-2048x1365.jpg 2048w\" sizes=\"auto, (max-width: 1024px) 100vw, 1024px\" \/><\/figure>\n<\/figure>\n\n\n\n<h3 class=\"wp-block-heading has-text-align-left\"><strong>Vous souhaitez plus d\u2019information sur l\u2019organisation de votre parcours en DEAP \u00e0 l\u2019IFAP d\u2019Alembert&nbsp;?<\/strong><\/h3>\n\n\n\n<p class=\"has-text-align-left\">Participez \u00e0 notre prochaine r\u00e9union d\u2019information collective, <strong>le jeudi 11 septembre 2025 \u00e0 14h00<\/strong><br><strong>Pour vous inscrire&nbsp;: <a href=\"https:\/\/ac-paris.ymag.cloud\/index.php\/preinscription\">c\u2019est ici<\/a>&nbsp;<\/strong><\/p>\n\n\n\n<h3 class=\"wp-block-heading has-text-align-left\"><strong>L\u2019apprentissage \u00e0 l\u2019IFAP d\u2019Alembert comment \u00e7a marche&nbsp;?<\/strong><\/h3>\n\n\n\n<ol class=\"wp-block-list\">\n<li>Plus de s\u00e9lection, il faut quand m\u00eame compl\u00e9ter <strong><a href=\"https:\/\/lyceedalembert.paris\/wp-content\/uploads\/2025\/09\/V2-CANDIDATURE-DEAP-APPRENTISSAGE-janvier-2026-1.pdf\" target=\"_blank\" rel=\"noreferrer noopener\">un dossier d\u2019inscription<\/a><\/strong> et \u00e9changer avec les \u00e9quipes lors d\u2019un entretien. C\u2019est essentiel de faire connaissance et b\u00e9n\u00e9ficier des conseils de l\u2019\u00e9quipe&nbsp;!<\/li>\n\n\n\n<li>Pour rester en contact tout au long du processus de recrutement avec l\u2019IFAP&nbsp;: <a href=\"https:\/\/ac-paris.ymag.cloud\/index.php\/preinscription\" target=\"_blank\" rel=\"noreferrer noopener\">inscrivez-vous ici<\/a> <\/li>\n<\/ol>\n\n\n\n<p class=\"has-text-align-center has-vivid-red-color has-text-color has-link-color wp-elements-a41d00f76126440017ac72f67e9929c9\">Attention, tous les futurs apprentis doivent s\u2019inscrire sur ce lien pour pouvoir int\u00e9grer l\u2019IFAP d\u2019Alembert<\/p>\n\n\n\n<p>3. Vous candidatez au recrutements des apprenties \u00e0 la Ville de Paris, le plus t\u00f4t possible <a href=\"https:\/\/bit.ly\/4mO9bBM\" target=\"_blank\" rel=\"noreferrer noopener\">Plateforme d\u00e9di\u00e9e de la ville de paris<\/a><\/p>\n\n\n\n<p>4. Vous pouvez aussi candidater dans toute structure de votre choix \u00e0 condition que des auxiliaires de pu\u00e9riculture puissent vous encadrer<\/p>\n\n\n\n<p>5. Vous n\u2019avez pas d\u2019employeur \u00e0 la rentr\u00e9e&nbsp;? Vous pouvez int\u00e9grer notre IFAP \u00e0 condition que des places soient toujours disponibles, l\u2019\u00e9quipe vous accompagnera pendant les 3 mois de votre recherche de poste en apprentissage<\/p>\n\n\n\n<p>6. Pour les personnes titulaires d\u2019une RQTH, contactez-nous pour b\u00e9n\u00e9ficier d\u2019un entretien individuel rapidement.<\/p>\n\n\n\n<p><strong>Attention les places en IFAP sont limit\u00e9es, nous n\u2019avons que 20 places ouvertes en septembre 2026.<\/strong><\/p>\n\n\n\n<p><strong>Voici les informations compl\u00e9mentaires dont vous avez besoin :<\/strong><\/p>\n\n\n\n<ol class=\"wp-block-list\">\n<li><strong>Pr\u00e9sentation de la formation<\/strong><\/li>\n<\/ol>\n\n\n\n<p>La formation d&rsquo;auxiliaire de pu\u00e9riculture en apprentissage offre une voie d&rsquo;excellence pour acc\u00e9der \u00e0 ce m\u00e9tier passionnant du secteur de la petite enfance. Cette formation dipl\u00f4mante permet d&rsquo;acqu\u00e9rir toutes les comp\u00e9tences n\u00e9cessaires pour accompagner les enfants de 0 \u00e0 18 ans dans leur d\u00e9veloppement et leur bien-\u00eatre et leur prise en charge globale tant en secteur de soin qu\u2019en \u00e9tablissement d\u2019accueil de la petite enfance.<\/p>\n\n\n\n<p>La formation par la voie de l\u2019apprentissage vous offre, en plus, la possibilit\u00e9 de b\u00e9n\u00e9ficier d&rsquo;une exp\u00e9rience professionnelle concr\u00e8te.<\/p>\n\n\n\n<p>Le DEAP est un dipl\u00f4me de niveau 4 ouvrant l\u2019acc\u00e8s \u00e0 des poursuites d\u2019\u00e9tudes&nbsp;:<\/p>\n\n\n\n<ul class=\"wp-block-list\">\n<li>\u00c9ducateur(trice) de jeunes enfants.<\/li>\n\n\n\n<li>Infirmier(i\u00e8re).<\/li>\n<\/ul>\n\n\n\n<p>Inscrivez-vous \u00e9galement en cliquant sur le lien ci-dessous<\/p>\n\n\n\n<div class=\"wp-block-buttons is-content-justification-center is-layout-flex wp-container-core-buttons-is-layout-16018d1d wp-block-buttons-is-layout-flex\">\n<div class=\"wp-block-button\"><a class=\"wp-block-button__link has-text-align-center wp-element-button\" href=\"https:\/\/ac-paris.ymag.cloud\/index.php\/preinscription\" target=\"_blank\" rel=\"noreferrer noopener\">Inscription<\/a><\/div>\n<\/div>\n\n\n\n<ul class=\"wp-block-list\">\n<li><strong>Objectifs de la formation et lieux d\u2019exercice de l\u2019auxiliaire de pu\u00e9riculture<\/strong><\/li>\n<\/ul>\n\n\n\n<p>L\u2019auxiliaire de pu\u00e9riculture participe \u00e0 l\u2019accueil et \u00e0 l\u2019int\u00e9gration sociale d\u2019enfants porteurs de handicap, atteints de pathologies chroniques ou en situation de risque d\u2019exclusion ou de maltraitance.<\/p>\n\n\n\n<p>L\u2019auxiliaire de pu\u00e9riculture travaille au sein d\u2019une \u00e9quipe pluridisciplinaire intervenant dans les services de soins ou des structures sanitaires, m\u00e9dico-sociales ou sociales notamment dans le cadre d\u2019hospitalisation ou d\u2019h\u00e9bergement continus ou discontinus en structure ou \u00e0 domicile, ou dans le cadre de structures de pr\u00e9vention et d\u00e9pistage&nbsp;: maternit\u00e9, service hospitalier, structure d&rsquo;accueil de la petite enfance, en cr\u00e8che, halte-garderie, \u00e0 domicile, PMI\u2026<\/p>\n\n\n\n<ul class=\"wp-block-list\">\n<li><strong>Les pr\u00e9-requis<\/strong><\/li>\n<\/ul>\n\n\n\n<p>La formation permettant l&rsquo;obtention de la certification est dispens\u00e9e par les IFAP agr\u00e9\u00e9s \u00e0 cet effet. Elle est accessible sans condition de dipl\u00f4me.<\/p>\n\n\n\n<p>Pour int\u00e9grer cette formation par la voie de l\u2019apprentissage il faut<\/p>\n\n\n\n<ul class=\"wp-block-list\">\n<li>\u00eatre \u00e2g\u00e9 de dix-sept ans au moins \u00e0 la date d&rsquo;entr\u00e9e en formation<\/li>\n\n\n\n<li>avoir trouv\u00e9 un employeur pour signer un contrat d&rsquo;apprentissage<\/li>\n\n\n\n<li>avoir envoy\u00e9 un dossier d\u2019inscription complet<\/li>\n<\/ul>\n\n\n\n<p>.<\/p>\n\n\n\n<p>Les personnes <strong>sans employeurs et ayant transmis un dossier complet<\/strong> seront inscrits en formation sous r\u00e9serve de places disponibles. Elles auront alors <strong>3 mois<\/strong>, \u00e0 compter de la date d\u2019entr\u00e9e en formation, pour signer un contrat d\u2019apprentissage.<\/p>\n\n\n\n<p><em>Les inscrits en formation ayant une reconnaissance RQTH ne sont pas soumis \u00e0 ce d\u00e9lai.<\/em><\/p>\n\n\n\n<p><strong>Pour un cursus complet, la dur\u00e9e totale est de<\/strong> 18 mois (1 540 heures)<\/p>\n\n\n\n<ul class=\"wp-block-list\">\n<li><strong>Formation th\u00e9orique :<\/strong> 770 heures r\u00e9parties en 5 blocs de comp\u00e9tences<\/li>\n\n\n\n<li><strong>Formation pratique :<\/strong> 770 heures de formation clinique dans diff\u00e9rentes structures, dont, au moins, une structure hospitali\u00e8re<\/li>\n<\/ul>\n\n\n\n<p>Nous acceptons \u00e9galement les personnes en cursus partiel (type bac pro SAPAT ou ASSP)<\/p>\n\n\n\n<p><strong>Rythme d&rsquo;alternance :<\/strong> La formation alterne entre p\u00e9riodes en centre de formation, p\u00e9riodes de formation clinique et p\u00e9riodes en entreprise, permettant une application imm\u00e9diate des connaissances acquises.<\/p>\n\n\n\n<p><strong>Les personnes titulaires d\u2019un dipl\u00f4me ouvrant droit \u00e0 des all\u00e8gements, des dispenses de formation ou des \u00e9quivalences auront un parcours am\u00e9nag\u00e9.<\/strong><\/p>\n\n\n\n<ul class=\"wp-block-list\">\n<li><strong>Contenu p\u00e9dagogique et comp\u00e9tences vis\u00e9es<\/strong><\/li>\n<\/ul>\n\n\n\n<p class=\"has-black-color has-text-color has-link-color wp-elements-9695423cde368abb9ccca801ad70b76a\"><strong>Bloc 1 <\/strong>: <strong>Accompagnement et soins de l\u2019enfant dans les activit\u00e9s de sa vie quotidienne et de sa vie sociale<\/strong><\/p>\n\n\n\n<figure class=\"wp-block-table\"><table class=\"has-fixed-layout\"><tbody><tr><td><strong>Liste de comp\u00e9tences&nbsp;<\/strong><\/td><td><strong>Modalit\u00e9s d&rsquo;\u00e9valuation&nbsp;<\/strong><\/td><\/tr><tr><td>1 &#8211; Accompagner l\u2019enfant dans les actes essentiels de la vie quotidienne et de la vie sociale, personnaliser cet accompagnement \u00e0 partir de l\u2019\u00e9valuation de sa situation personnelle et contextuelle et apporter les r\u00e9ajustements n\u00e9cessaires.<br>1bis &#8211; Elaborer et mettre en \u0153uvre des activit\u00e9s d&rsquo;\u00e9veil, de loisirs, d\u2019\u00e9ducation et d\u2019accompagnement \u00e0 la vie sociale adapt\u00e9es \u00e0 l\u2019enfant ou au groupe.<br>2 \u2013 Identifier les situations \u00e0 risque lors de l\u2019accompagnement de l\u2019enfant et de son entourage, mettre en \u0153uvre les actions de pr\u00e9vention ad\u00e9quates et les \u00e9valuer.<\/td><td>Etude de situation<br>Evaluation des comp\u00e9tences en milieu professionnel<\/td><\/tr><\/tbody><\/table><\/figure>\n\n\n\n<p><strong>Bloc 2 <\/strong>: <strong>Evaluation de l\u2019\u00e9tat clinique et mise en \u0153uvre de soins adapt\u00e9s en collaboration&nbsp;<\/strong><\/p>\n\n\n\n<figure class=\"wp-block-table\"><table class=\"has-fixed-layout\"><tbody><tr><td><strong>Liste de comp\u00e9tences&nbsp;<\/strong><strong>&nbsp;<\/strong><\/td><td><strong>Modalit\u00e9s d&rsquo;\u00e9valuation&nbsp;<\/strong><\/td><\/tr><tr><td>3- Evaluer l&rsquo;\u00e9tat clinique d&rsquo;une personne \u00e0 tout \u00e2ge de la vie pour adapter sa prise en soins.<br>4- Mettre en \u0153uvre des soins adapt\u00e9s \u00e0 l&rsquo;\u00e9tat clinique de l\u2019enfant.<br>5 \u2013 Accompagner la personne dans son installation et ses d\u00e9placements en mobilisant ses ressources et en utilisant les techniques pr\u00e9ventives de mobilisation.<\/td><td>Etude de situation en lien avec les modules 3 et 4<br>Evaluation comportant une pratique simul\u00e9e en lien avec le module 5<br>Evaluation des comp\u00e9tences en milieu professionnel<br>Attestation de formation aux gestes et soins d\u2019urgence de niveau 2<\/td><\/tr><\/tbody><\/table><\/figure>\n\n\n\n<p><strong>Bloc 3<\/strong> : &nbsp;<strong>Information et accompagnement des personnes et de leur entourage, des professionnels et des apprenants&nbsp;<\/strong><\/p>\n\n\n\n<figure class=\"wp-block-table\"><table class=\"has-fixed-layout\"><tbody><tr><td><strong>Liste de comp\u00e9tences&nbsp;<\/strong><\/td><td><strong>Modalit\u00e9s d&rsquo;\u00e9valuation&nbsp;<\/strong><\/td><\/tr><tr><td>6- Etablir une communication adapt\u00e9e pour informer et accompagner la personne et son entourage.<br>7 \u2013 Informer et former les pairs, les personnes en formation et les autres professionnels.<\/td><td>Etude de situations relationnelles pouvant comporter une pratique simul\u00e9e<br>Evaluation des comp\u00e9tences en milieu professionnel<\/td><\/tr><\/tbody><\/table><\/figure>\n\n\n\n<p><strong>Bloc 4 :<\/strong> <strong>Entretien de l&rsquo;environnement imm\u00e9diat de la personne et des mat\u00e9riels li\u00e9s aux activit\u00e9s en tenant compte du lieu et des situations d\u2019intervention&nbsp;<\/strong><\/p>\n\n\n\n<figure class=\"wp-block-table\"><table class=\"has-fixed-layout\"><tbody><tr><td><strong>Liste de comp\u00e9tences&nbsp;<\/strong><\/td><td><strong>Modalit\u00e9s d&rsquo;\u00e9valuation&nbsp;<\/strong><\/td><\/tr><tr><td>8- Utiliser des techniques d&rsquo;entretien des locaux et du mat\u00e9riel adapt\u00e9es en prenant en compte la pr\u00e9vention des risques associ\u00e9s.<br>9 &#8211; Rep\u00e9rer et traiter les anomalies et dysfonctionnements en lien avec l\u2019entretien des locaux et des mat\u00e9riels li\u00e9s aux activit\u00e9s de soins.<\/td><td>Evaluation \u00e0 partir d\u2019une situation d\u2019hygi\u00e8ne identifi\u00e9e en milieu professionnel<br>Evaluation des comp\u00e9tences en milieu professionnel<\/td><\/tr><\/tbody><\/table><\/figure>\n\n\n\n<p><strong>Bloc 5<\/strong> : <strong>Travail en \u00e9quipe pluri-professionnelle et traitement des informations li\u00e9es aux activit\u00e9s de soins, \u00e0 la qualit\u00e9\/gestion des risques<\/strong><\/p>\n\n\n\n<figure class=\"wp-block-table\"><table class=\"has-fixed-layout\"><tbody><tr><td><strong>Liste de comp\u00e9tences<\/strong><\/td><td><strong>Modalit\u00e9s d&rsquo;\u00e9valuation&nbsp;<\/strong><\/td><\/tr><tr><td>10 &#8211; Rechercher, traiter et transmettre, quels que soient l\u2019outil et les modalit\u00e9s de communication, les donn\u00e9es pertinentes pour assurer la continuit\u00e9 et la tra\u00e7abilit\u00e9 des soins et des activit\u00e9s.<br>11- Organiser son activit\u00e9, coop\u00e9rer au sein d&rsquo;une \u00e9quipe pluriprofessionnelle et am\u00e9liorer sa pratique dans le cadre d\u2019une d\u00e9marche qualit\u00e9 \/ gestion des risques.<\/td><td>Etude de situation pouvant comporter une pratique simul\u00e9e<br>Evaluation des comp\u00e9tences en milieu professionnel<\/td><\/tr><\/tbody><\/table><\/figure>\n\n\n\n<p>Fiche <a href=\"https:\/\/www.francecompetences.fr\/recherche\/rncp\/35832\/\"><strong><em>RNCP N\u00b0 35832<\/em><\/strong><\/a><\/p>\n\n\n\n<p>Le r\u00e9f\u00e9rentiel de formation au DEAP est disponible en suivant le lien ci-dessous<\/p>\n\n\n\n<p><a href=\"https:\/\/www.legifrance.gouv.fr\/loda\/id\/JORFTEXT000043646160?origin=list&amp;etatTexte=ABROGE_DIFF&amp;etatTexte=VIGUEUR\">https:\/\/www.legifrance.gouv.fr\/loda\/id\/JORFTEXT000043646160?origin=list&amp;etatTexte=ABROGE_DIFF&amp;etatTexte=VIGUEUR<\/a><\/p>\n\n\n\n<p><strong>Modalit\u00e9s d&rsquo;inscription<\/strong><\/p>\n\n\n\n<p><strong>Vous pouvez d\u00e8s \u00e0 pr\u00e9sent<\/strong><\/p>\n\n\n\n<p><strong>Les inscriptions ouvriront le 23 mars 2026 pour une rentr\u00e9e en septembre 2026<\/strong><\/p>\n\n\n\n<ul class=\"wp-block-list\">\n<li><strong>T\u00e9l\u00e9chargez <a href=\"https:\/\/lyceedalembert.paris\/wp-content\/uploads\/2025\/09\/V2-CANDIDATURE-DEAP-APPRENTISSAGE-janvier-2026-1.pdf\">le dossier d\u2019inscription<\/a> et le transmettre \u00e0<\/strong> &#8230;&#8230;<\/li>\n<\/ul>\n\n\n\n<p><strong>IFAP d\u2019Alembert, 22 sente des dor\u00e9es 75019 &#8211; PARIS<\/strong><\/p>\n\n\n\n<ul class=\"wp-block-list\">\n<li>En le d\u00e9posant sur place<\/li>\n\n\n\n<li>En l\u2019envoyant par la poste (lettre suivie conseill\u00e9e)<\/li>\n\n\n\n<li>Par courrier \u00e9lectronique en un seul fichier au format pdf \u00e0 <a href=\"mailto:ifap.dalembert@ac-paris.fr\">ifap.dalembert@ac-paris.fr<\/a><\/li>\n\n\n\n<li><strong>Et vous inscrire via le lien ci-dessous<\/strong><\/li>\n<\/ul>\n\n\n\n<p><a href=\"https:\/\/ac-paris.ymag.cloud\/index.php\/preinscription\">https:\/\/ac-paris.ymag.cloud\/index.php\/preinscription<\/a><\/p>\n\n\n\n<p><strong>Avantages de l&rsquo;apprentissage :<\/strong><\/p>\n\n\n\n<ul class=\"wp-block-list\">\n<li>Formation gratuite et r\u00e9mun\u00e9r\u00e9e<\/li>\n\n\n\n<li>Couverture sociale assur\u00e9e par l&#8217;employeur<\/li>\n\n\n\n<li>Possibilit\u00e9 d&rsquo;aide au logement et au transport<\/li>\n\n\n\n<li><strong>Contact et renseignements<\/strong><\/li>\n<\/ul>\n\n\n\n<p><strong>Centre de Formation :<\/strong> IFAP d\u2019Alembert<\/p>\n\n\n\n<p><strong>T\u00e9l\u00e9phone :<\/strong> 01 42 08 04 10<\/p>\n\n\n\n<p><strong>Email :<\/strong> <a href=\"mailto:ifap.dalembert@ac-paris.fr\">ifap.dalembert@ac-paris.fr<\/a><\/p>\n\n\n\n<p><strong>Horaires d&rsquo;accueil :<\/strong> Du lundi au vendredi de 9 heures \u00e0 17 heures<\/p>\n\n\n\n<p>Pour connaitre nos engagements&nbsp;: <a href=\"https:\/\/gip-fcip.paris\/engagements-qualite\/\">https:\/\/gip-fcip.paris\/engagements-qualite\/<\/a><\/p>\n\n\n\n<div class=\"wp-block-media-text has-media-on-the-right is-stacked-on-mobile\"><div class=\"wp-block-media-text__content\">\n<p><strong>Quelques chiffres en 2024 :<\/strong><\/p>\n\n\n\n<p>Taux de r\u00e9ussite : 82,8 % (24 admis pour 29 pr\u00e9sent\u00e9s au jury)<\/p>\n\n\n\n<p>Taux de satisfaction : 73 %<\/p>\n\n\n\n<p>Taux d\u2019insertion en emploi : 76 %<\/p>\n<\/div><figure class=\"wp-block-media-text__media\"><img loading=\"lazy\" decoding=\"async\" width=\"683\" height=\"1024\" src=\"https:\/\/lyceedalembert.paris\/wp-content\/uploads\/2024\/03\/petite-enfance-18_version-2-683x1024.jpg\" alt=\"\" class=\"wp-image-8472 size-full\" srcset=\"https:\/\/lyceedalembert.paris\/wp-content\/uploads\/2024\/03\/petite-enfance-18_version-2-683x1024.jpg 683w, https:\/\/lyceedalembert.paris\/wp-content\/uploads\/2024\/03\/petite-enfance-18_version-2-200x300.jpg 200w, https:\/\/lyceedalembert.paris\/wp-content\/uploads\/2024\/03\/petite-enfance-18_version-2-768x1152.jpg 768w, https:\/\/lyceedalembert.paris\/wp-content\/uploads\/2024\/03\/petite-enfance-18_version-2-1024x1536.jpg 1024w, https:\/\/lyceedalembert.paris\/wp-content\/uploads\/2024\/03\/petite-enfance-18_version-2-1365x2048.jpg 1365w, https:\/\/lyceedalembert.paris\/wp-content\/uploads\/2024\/03\/petite-enfance-18_version-2-scaled.jpg 1706w\" sizes=\"auto, (max-width: 683px) 100vw, 683px\" \/><\/figure><\/div>\n\n\n\n<p class=\"has-black-color has-text-color has-link-color wp-elements-3dd58759dd6d6c33a00f5780215a7125\">Tous les termes utilis\u00e9s ci-dessus s&rsquo;entendent au masculin comme au f\u00e9minin.<\/p>\n","protected":false},"excerpt":{"rendered":"<p>Vous souhaitez pr\u00e9parer votre DEAP en Apprentissage pour la rentr\u00e9e de septembre 2026 \u00e0 l\u2019IFAP d\u2019Alembert avec la Ville de Paris ? Ne tardez plus et candidatez tout de suite \u00e0 la Ville de Paris pour vous assurer un contrat d\u00e8s janvier 2026&nbsp;: Plateforme d\u00e9di\u00e9e de la ville de paris Vous souhaitez plus d\u2019information sur l\u2019organisation de votre parcours en DEAP \u00e0 l\u2019IFAP d\u2019Alembert&nbsp;? Participez \u00e0 notre prochaine r\u00e9union d\u2019information collective, le jeudi 11 septembre 2025 \u00e0 14h00Pour vous inscrire&nbsp;:&hellip;<\/p>\n","protected":false},"author":1,"featured_media":0,"parent":0,"menu_order":0,"comment_status":"closed","ping_status":"closed","template":"","meta":{"footnotes":""},"class_list":["post-9217","page","type-page","status-publish","hentry"],"_links":{"self":[{"href":"https:\/\/lyceedalembert.paris\/index.php\/wp-json\/wp\/v2\/pages\/9217","targetHints":{"allow":["GET"]}}],"collection":[{"href":"https:\/\/lyceedalembert.paris\/index.php\/wp-json\/wp\/v2\/pages"}],"about":[{"href":"https:\/\/lyceedalembert.paris\/index.php\/wp-json\/wp\/v2\/types\/page"}],"author":[{"embeddable":true,"href":"https:\/\/lyceedalembert.paris\/index.php\/wp-json\/wp\/v2\/users\/1"}],"replies":[{"embeddable":true,"href":"https:\/\/lyceedalembert.paris\/index.php\/wp-json\/wp\/v2\/comments?post=9217"}],"version-history":[{"count":15,"href":"https:\/\/lyceedalembert.paris\/index.php\/wp-json\/wp\/v2\/pages\/9217\/revisions"}],"predecessor-version":[{"id":9367,"href":"https:\/\/lyceedalembert.paris\/index.php\/wp-json\/wp\/v2\/pages\/9217\/revisions\/9367"}],"wp:attachment":[{"href":"https:\/\/lyceedalembert.paris\/index.php\/wp-json\/wp\/v2\/media?parent=9217"}],"curies":[{"name":"wp","href":"https:\/\/api.w.org\/{rel}","templated":true}]}}