{"id":977,"date":"2016-03-10T10:00:44","date_gmt":"2016-03-10T09:00:44","guid":{"rendered":"http:\/\/lyceedalembert.16mb.com\/?page_id=977"},"modified":"2019-09-27T09:21:20","modified_gmt":"2019-09-27T08:21:20","slug":"cio","status":"publish","type":"page","link":"https:\/\/lyceedalembert.paris\/index.php\/cio\/","title":{"rendered":"CIO"},"content":{"rendered":"<p>Mme Renoult, psychologue de l&rsquo;\u00c9ducation nationale, re\u00e7oit les \u00e9l\u00e8ves du Lyc\u00e9e d\u2019Alembert :<\/p>\n<p>&#8211; Permanences au lyc\u00e9e :<\/p>\n<ul>\n<li>le vendredi<\/li>\n<\/ul>\n<p>&nbsp;<\/p>\n<p>&#8211; Le CIO du 19e est ouvert et accessible aux \u00e9l\u00e8ves :<\/p>\n<ul>\n<li>Lundi\u00a0matin<\/li>\n<li>Mercredi\u00a0matin<\/li>\n<li>Jeudi\u00a0matin<\/li>\n<li>Vendredi\u00a0matin<\/li>\n<\/ul>\n<p>Le Centre d\u2019Information et d\u2019Orientation est situ\u00e9 : 129 rue de Crim\u00e9e (M\u00e9tro Laumi\u00e8re ou Ourcq, arr\u00eat bus 60 : Jaur\u00e8s Lorraine). Les \u00e9l\u00e8ves peuvent venir avec ou sans rendez-vous pendant les p\u00e9riodes scolaires et les vacances.<\/p>\n<p>Site du CIO : <a href=\"https:\/\/www.ac-paris.fr\/portail\/jcms\/p1_365427\/centre-d-information-et-d-orientation-du-19eme-arrondissement\" target=\"_blank\" rel=\"noopener\">CIO &#8211; Acad\u00e9mie de Paris<\/a><\/p>\n<p>A l\u2019\u00e9coute des jeunes scolaris\u00e9s ou non, des parents et des adultes en recherche d\u2019informations et de conseils, son statut de Psychologue garantit la confidentialit\u00e9 des entretiens individuels. Son rattachement \u00e0 un CIO lui permet une autonomie qui assure, ainsi, aux jeunes et aux familles, l\u2019objectivit\u00e9 des conseils et informations donn\u00e9s.<br \/>\nPsychologue de l\u2019Education, elle respecte donc les droits des usagers : neutralit\u00e9, confidentialit\u00e9 et \u00e9galit\u00e9 des chances.<\/p>\n<div><\/div>\n","protected":false},"excerpt":{"rendered":"<p>Mme Renoult, psychologue de l&rsquo;\u00c9ducation nationale, re\u00e7oit les \u00e9l\u00e8ves du Lyc\u00e9e d\u2019Alembert : &#8211; Permanences au lyc\u00e9e : le vendredi &nbsp; &#8211; Le CIO du 19e est ouvert et accessible aux \u00e9l\u00e8ves : Lundi\u00a0matin Mercredi\u00a0matin Jeudi\u00a0matin Vendredi\u00a0matin Le Centre d\u2019Information et d\u2019Orientation est situ\u00e9 : 129 rue de Crim\u00e9e (M\u00e9tro Laumi\u00e8re ou Ourcq, arr\u00eat bus 60 : Jaur\u00e8s Lorraine). Les \u00e9l\u00e8ves peuvent venir avec ou sans rendez-vous pendant les p\u00e9riodes scolaires et les vacances. Site du CIO : CIO &#8211;&hellip;<\/p>\n","protected":false},"author":1,"featured_media":0,"parent":0,"menu_order":0,"comment_status":"closed","ping_status":"closed","template":"","meta":{"footnotes":""},"class_list":["post-977","page","type-page","status-publish","hentry"],"_links":{"self":[{"href":"https:\/\/lyceedalembert.paris\/index.php\/wp-json\/wp\/v2\/pages\/977","targetHints":{"allow":["GET"]}}],"collection":[{"href":"https:\/\/lyceedalembert.paris\/index.php\/wp-json\/wp\/v2\/pages"}],"about":[{"href":"https:\/\/lyceedalembert.paris\/index.php\/wp-json\/wp\/v2\/types\/page"}],"author":[{"embeddable":true,"href":"https:\/\/lyceedalembert.paris\/index.php\/wp-json\/wp\/v2\/users\/1"}],"replies":[{"embeddable":true,"href":"https:\/\/lyceedalembert.paris\/index.php\/wp-json\/wp\/v2\/comments?post=977"}],"version-history":[{"count":8,"href":"https:\/\/lyceedalembert.paris\/index.php\/wp-json\/wp\/v2\/pages\/977\/revisions"}],"predecessor-version":[{"id":4984,"href":"https:\/\/lyceedalembert.paris\/index.php\/wp-json\/wp\/v2\/pages\/977\/revisions\/4984"}],"wp:attachment":[{"href":"https:\/\/lyceedalembert.paris\/index.php\/wp-json\/wp\/v2\/media?parent=977"}],"curies":[{"name":"wp","href":"https:\/\/api.w.org\/{rel}","templated":true}]}}